{"id":6,"date":"2019-09-21T07:16:04","date_gmt":"2019-09-21T05:16:04","guid":{"rendered":"http:\/\/marie-collard.be\/index.php\/home\/"},"modified":"2026-01-23T13:00:17","modified_gmt":"2026-01-23T12:00:17","slug":"home","status":"publish","type":"page","link":"https:\/\/psychologue-life-coach.marie-collard.be\/","title":{"rendered":"Accueil"},"content":{"rendered":"\n<a id=\"menu_0_anchor\"><\/a>\n\n\n\n<div class=\"wp-block-group\"><div class=\"wp-block-group__inner-container is-layout-flow wp-block-group-is-layout-flow\">\n<div class=\"wp-block-group\"><div class=\"wp-block-group__inner-container is-layout-flow wp-block-group-is-layout-flow\"><\/div><\/div>\n<\/div><\/div>\n\n\n\n<p class=\"has-large-font-size\">Accueil<\/p>\n\n\n\n<p>Au cours de votre vie, il peut vous arriver d\u2019\u00eatre dans l\u2019ombre, votre t\u00eate est envahie par mille questions et vous vous sentez perdu. <\/p>\n\n\n\n<p>Se\nposer dans un cadre apaisant et \u00eatre accompagn\u00e9 peut vous aider \u00e0 mettre de\nl\u2019ordre, \u00e0 laisser \u00e0 nouveau la lumi\u00e8re \u00e9clairer votre chemin. Le pass\u00e9 est\nderri\u00e8re vous, le futur est incertain. Revenir dans le moment pr\u00e9sent vous\ninvite \u00e0 retrouver les ressources qui sont en vous. <\/p>\n\n\n\n<br>\n\n\n\n<a id=\"menu_1_anchor\"><\/a>\n\n\n\n<p class=\"has-large-font-size\"> Psychologue et Life Coach<\/p>\n\n\n\n<p>Je suis dipl\u00f4m\u00e9e en psychologie, form\u00e9e \u00e0 l&rsquo;accompagnement du burnout et au coaching. Avoir les deux casquettes vous permet de choisir ce dont vous avez besoin au moment o\u00f9 vous en avez besoin. &nbsp;Et parfois les deux techniques se croisent et s\u2019enrichissent l\u2019une de l\u2019autre.  <\/p>\n\n\n\n<div class=\"wp-block-columns has-2-columns is-layout-flex wp-container-core-columns-is-layout-9d6595d7 wp-block-columns-is-layout-flex\">\n<div class=\"wp-block-column is-layout-flow wp-block-column-is-layout-flow\">\n<p class=\"has-medium-font-size\">Psychologue<\/p>\n\n\n\n<p>La guidance psychologique apporte un soutien pour toute personne se trouvant en difficult\u00e9 affective, relationnelle, ou ayant v\u00e9cu un \u00e9v\u00e9nement qui a influenc\u00e9 sa vie. Nous explorons ensemble ce qui vous touche, ce que vous souhaitez exprimer. L\u2019\u00e9coute, la bienveillance et l\u2019absence de jugement vous invitent \u00e0 vivre votre ressenti au moment pr\u00e9sent.  <\/p>\n\n\n\n<p>Le burnout, ou \u00e9puisement professionnel, est une situation qui demande une d\u00e9marche particuli\u00e8re. En fonction de votre situation, je vous accompagne pour que vous puissiez comprendre ce qui vous arrive afin de r\u00e9cup\u00e9rer, vous reconstruire, et ainsi vous permettre de d\u00e9terminer la route \u00e0 prendre.<\/p>\n<\/div>\n\n\n\n<div class=\"wp-block-column is-layout-flow wp-block-column-is-layout-flow\">\n<p class=\"has-medium-font-size\">\n\nLife Coach\n\n<\/p>\n\n\n\n<p>Le coaching que je propose prend en compte l&rsquo;humain dans sa globalit\u00e9 (corps, esprit, \u00e9motions, sens de la vie) pour atteindre les objectifs ou changements souhait\u00e9s. La solution est en vous et je suis l\u00e0 pour vous aider \u00e0 re-trouver vos ressources, \u00e0 votre rythme, en fonction de vos besoins du moment. Diff\u00e9rents outils ou exercices vous aideront \u00e0 \u00e9largir votre champs de conscience, d\u00e9passer vos peurs, prendre des d\u00e9cisions, pour prendre les r\u00eanes de votre vie en main.  <\/p>\n<\/div>\n<\/div>\n\n\n\n<br>\n\n\n\n<a id=\"menu_2_anchor\"><\/a>\n\n\n\n<p class=\"has-large-font-size\">\n\nPour qui, pour quoi ?\n\n<\/p>\n\n\n\n<p>Je propose un accompagnement pour toute personne \u00e0 la recherche d&rsquo;harmonie dans sa vie. Voici quelques exemples :<\/p>\n\n\n\nHarmoniser vie priv\u00e9e et vie professionnelle<br>\nPr\u00e9venir ou surmonter une p\u00e9riode de stress ou de burnout<br>\nAm\u00e9liorer vos relations, votre communication avec autrui <br>\nD\u00e9velopper votre confiance en vous<br>\nVous aider \u00e0 trouver un nouvel \u00e9lan <br>\nOser le changement<br>\n\n\n\n<p><\/p>\n\n\n\n<p>En parler, c\u2019est d\u00e9j\u00e0 avancer. <\/p>\n\n\n\n<br>\n\n\n\n<a id=\"menu_3_anchor\"><\/a>\n\n\n\n<p class=\"has-large-font-size\">\n\nQui suis-je ?\n\n<\/p>\n\n\n<p>Originaire de Namur, j\u2019ai fait mes \u00e9tudes \u00e0 Louvain-la-Neuve. J\u2019ai obtenu ma Licence en Sciences Psychologiques en 2001.<\/p>\n<p><img decoding=\"async\" class=\"roundedImage wp-image-282 size-medium alignleft lazyload\" data-src=\"https:\/\/marie-collard.be\/wp-content\/uploads\/2020\/03\/20200330_154252-1-251x300.jpg\" alt=\"\" width=\"251\" height=\"300\" data-srcset=\"https:\/\/psychologue-life-coach.marie-collard.be\/wp-content\/uploads\/2020\/03\/20200330_154252-1-251x300.jpg 251w, https:\/\/psychologue-life-coach.marie-collard.be\/wp-content\/uploads\/2020\/03\/20200330_154252-1-350x418.jpg 350w, https:\/\/psychologue-life-coach.marie-collard.be\/wp-content\/uploads\/2020\/03\/20200330_154252-1.jpg 719w\" data-sizes=\"(max-width: 251px) 100vw, 251px\" src=\"data:image\/svg+xml;base64,PHN2ZyB3aWR0aD0iMSIgaGVpZ2h0PSIxIiB4bWxucz0iaHR0cDovL3d3dy53My5vcmcvMjAwMC9zdmciPjwvc3ZnPg==\" style=\"--smush-placeholder-width: 251px; --smush-placeholder-aspect-ratio: 251\/300;\" \/><\/p>\n<p>J\u2019ai d\u00e9but\u00e9 ma carri\u00e8re par des emplois dans diff\u00e9rents secteurs, fort \u00e9loign\u00e9s de ma formation initiale, mais toujours avec beaucoup de motivation et la curiosit\u00e9 de la d\u00e9couverte.<\/p>\n<p>En 2005, j\u2019ai int\u00e9gr\u00e9 une entreprise active dans le secteur des ressources humaines. Ce nouvel environnement m\u2019a notamment permis de travailler dans le recrutement et l\u2019insertion socio-professionnelle. J\u2019y ai coach\u00e9 des personnes fragilis\u00e9es dans leur recherche d\u2019emploi, organis\u00e9 des formations, et accompagn\u00e9 des personnes b\u00e9n\u00e9ficiant d\u2019une proc\u00e9dure d\u2019Outplacement.\u00a0<\/p>\n<p>La naissance de mes deux enfants et notre vie (trop) charg\u00e9e, m\u2019ont conduite \u00e0 r\u00e9-envisager ma vie professionnelle. J\u2019ai eu l\u2019opportunit\u00e9 de me consacrer \u00e0 l\u2019accompagnement de familles (enfants, ados, parents) au sein d\u2019un centre Psycho-M\u00e9dico-Social. \u00c9panouie professionnellement, j\u2019y ai forg\u00e9 mon exp\u00e9rience en tant que psychologue et trouv\u00e9 mon \u00e9quilibre avec ma vie de maman.<\/p>\n<p class=\"has-text-align-justify\">Apr\u00e8s 10 ans dans ce secteur, j\u2019ai entrepris une formation pour me sp\u00e9cialiser dans le coaching de vie et l&rsquo;accompagnement des personnes en burnout. Et c\u2019est la vie d\u2019ind\u00e9pendant que j\u2019ai d\u00e9couverte pour continuer mon chemin.<\/p>\n<p class=\"has-text-align-justify\">Dans une recherche d\u2019am\u00e9lioration de ma qualit\u00e9 de vie, j\u2019ai \u00e9galement introduit la pratique de la pleine conscience dans mon quotidien. Je continue \u00e0 me former professionnellement \u00e0 cet art de vivre pour le partager au travers de diverses activit\u00e9s en petit groupe.<\/p>\n<p class=\"has-text-align-justify\">Et vous, qui \u00eates-vous ? O\u00f9 en \u00eates-vous dans votre parcours ? Souhaitez-vous changer quelque chose dans votre vie\u00a0? Mon accompagnement peut vous aider \u00e0 y voir plus clair, \u00e0 prendre soin de vous\u00a0!<\/p>\n<p><strong>Formations :<\/strong><\/p>\n<div class=\"wp-block-group\">\n<div class=\"wp-block-group__inner-container\">\n<p>Licence en sciences psychologiques (UCL)<\/p>\n<p>Coach niveau 1 et 2 (Leading and Coaching Academy)<\/p>\n<p>Masterclass burnout (BAO-Elan vital)<\/p>\n<p>Ciao Burnout (Fanny Weytens &#8211; docteur en psychologie)<\/p>\n<p>Fondamentaux en MBSR (Institut Pleine Conscience)<\/p>\n<p>Formation intensive de pratique de l\u2019enseignement de la MBSR \u2013 PTI (Institut Pleine Conscience)<\/p>\n<p>Accompagner les transitions de vie et de carri\u00e8re avec la roue de Hudson (Business and Soul)<\/p>\n<\/div>\n<\/div>\n\n\n<\/p>\n<div class=\"wp-block-group\">\n<div class=\"wp-block-group__inner-container\">    <\/div>\n<\/div>\n<p>\n\n\n\n<br>\n\n\n\n<a id=\"menu_4_anchor\"><\/a>\n\n\n\n<p class=\"has-large-font-size\">Informations pratiques<\/p>\n\n\n\n<p><\/p>\n\n\n\n<p>Pour prendre rendez-vous, contactez-moi par t\u00e9l\u00e9phone ou par mail. <\/p>\n\n\n\n<p><strong><a href=\"mailto:contact.marie.collard@gmail.com\">contact.marie.collard@gmail.com<\/a><\/strong><\/p>\n\n\n\n<p><strong><a href=\"tel:+32473768291\">0473 \/ 76 82 91 <\/a><\/strong><\/p>\n\n\n\n<p>Le premier rendez-vous sert \u00e0 faire connaissance et \u00e0 savoir si vous \u00eates en confiance pour entamer un travail de r\u00e9flexion avec moi. Les rendez-vous durent environ 1h et vous en d\u00e9terminez la fr\u00e9quence en fonction de vos besoins.  <\/p>\n\n\n\n<p><strong>Lieu de rendez-vous&nbsp;:<\/strong> <\/p>\n\n\n\n<p>\u00c0 mon domicile : rue de tourinnes, 7, \u00e0 <strong>Orbais<\/strong>, en journ\u00e9e jusque 18h<\/p>\n\n\n\n<iframe data-src=\"https:\/\/www.google.com\/maps\/embed?pb=!1m18!1m12!1m3!1d2530.436810976842!2d4.758428715194209!3d50.63757827950154!2m3!1f0!2f0!3f0!3m2!1i1024!2i768!4f13.1!3m3!1m2!1s0x47c179c4e85b35c9%3A0x6b3ef1de11d06a53!2sRue%20de%20Tourinnes%207%2C%201360%20Perwez%2C%20Belgique!5e0!3m2!1sfr!2snl!4v1569341018872!5m2!1sfr!2snl\" width=\"600\" height=\"450\" frameborder=\"0\" style=\"border:0;\" allowfullscreen=\"\" src=\"data:image\/svg+xml;base64,PHN2ZyB3aWR0aD0iMSIgaGVpZ2h0PSIxIiB4bWxucz0iaHR0cDovL3d3dy53My5vcmcvMjAwMC9zdmciPjwvc3ZnPg==\" class=\"lazyload\" data-load-mode=\"1\"><\/iframe>\n\n\n\n<p><strong>Combien \u00e7a co\u00fbte&nbsp;?<\/strong><\/p>\n\n\n\n<p>Rendez-vous d&rsquo;une heure : 65 \u20ac <\/p>\n\n\n\n<p>Possibilit\u00e9s de remboursement en fonction des mutuelles.<br>Num\u00e9ro d&rsquo;inscription \u00e0 la commission des psychologues : 782223164<\/p>\n\n\n\n<p>Tout rendez-vous non d\u00e9command\u00e9 24h \u00e0 l\u2019avance sera d\u00fb.<\/p>\n","protected":false},"excerpt":{"rendered":"<p>Accueil Au cours de votre vie, il peut vous arriver d\u2019\u00eatre dans l\u2019ombre, votre t\u00eate est envahie par mille questions et vous vous sentez perdu. Se poser dans un cadre apaisant et \u00eatre accompagn\u00e9 peut vous aider \u00e0 mettre de l\u2019ordre, \u00e0 laisser \u00e0 nouveau la lumi\u00e8re \u00e9clairer votre chemin. Le pass\u00e9 est derri\u00e8re vous, &hellip; <\/p>\n<p class=\"link-more\"><a href=\"https:\/\/psychologue-life-coach.marie-collard.be\/\" class=\"more-link\">Continuer la lecture<span class=\"screen-reader-text\"> de &laquo;&nbsp;Accueil&nbsp;&raquo;<\/span><\/a><\/p>\n","protected":false},"author":1,"featured_media":0,"parent":0,"menu_order":0,"comment_status":"closed","ping_status":"closed","template":"","meta":{"_monsterinsights_skip_tracking":false,"_monsterinsights_sitenote_active":false,"_monsterinsights_sitenote_note":"","_monsterinsights_sitenote_category":0,"footnotes":""},"class_list":["post-6","page","type-page","status-publish","hentry"],"yoast_head":"<!-- This site is optimized with the Yoast SEO plugin v26.6 - https:\/\/yoast.com\/wordpress\/plugins\/seo\/ -->\n<title>Accueil &#8226; Marie Collard<\/title>\n<meta name=\"description\" content=\"Marie Collard Psychologue et Life Coach \u00e0 Perwez (Orbais) et Eghez\u00e9e\" \/>\n<meta name=\"robots\" content=\"index, follow, max-snippet:-1, max-image-preview:large, max-video-preview:-1\" \/>\n<link rel=\"canonical\" href=\"https:\/\/psychologue-life-coach.marie-collard.be\/\" \/>\n<meta property=\"og:locale\" content=\"fr_FR\" \/>\n<meta property=\"og:type\" content=\"article\" \/>\n<meta property=\"og:title\" content=\"Accueil &#8226; Marie Collard\" \/>\n<meta property=\"og:description\" content=\"Marie Collard Psychologue et Life Coach \u00e0 Perwez (Orbais) et Eghez\u00e9e\" \/>\n<meta property=\"og:url\" content=\"https:\/\/psychologue-life-coach.marie-collard.be\/\" \/>\n<meta property=\"og:site_name\" content=\"Marie Collard\" \/>\n<meta property=\"article:modified_time\" content=\"2026-01-23T12:00:17+00:00\" \/>\n<meta property=\"og:image\" content=\"https:\/\/psychologue-life-coach.marie-collard.be\/wp-content\/uploads\/2020\/03\/20200330_154252-1.jpg\" \/>\n\t<meta property=\"og:image:width\" content=\"719\" \/>\n\t<meta property=\"og:image:height\" content=\"859\" \/>\n\t<meta property=\"og:image:type\" content=\"image\/jpeg\" \/>\n<meta name=\"twitter:card\" content=\"summary_large_image\" \/>\n<meta name=\"twitter:label1\" content=\"Dur\u00e9e de lecture estim\u00e9e\" \/>\n\t<meta name=\"twitter:data1\" content=\"5 minutes\" \/>\n<script type=\"application\/ld+json\" class=\"yoast-schema-graph\">{\"@context\":\"https:\/\/schema.org\",\"@graph\":[{\"@type\":\"WebPage\",\"@id\":\"https:\/\/psychologue-life-coach.marie-collard.be\/\",\"url\":\"https:\/\/psychologue-life-coach.marie-collard.be\/\",\"name\":\"Accueil &#8226; Marie Collard\",\"isPartOf\":{\"@id\":\"https:\/\/psychologue-life-coach.marie-collard.be\/#website\"},\"primaryImageOfPage\":{\"@id\":\"https:\/\/psychologue-life-coach.marie-collard.be\/#primaryimage\"},\"image\":{\"@id\":\"https:\/\/psychologue-life-coach.marie-collard.be\/#primaryimage\"},\"thumbnailUrl\":\"https:\/\/marie-collard.be\/wp-content\/uploads\/2020\/03\/20200330_154252-1-251x300.jpg\",\"datePublished\":\"2019-09-21T05:16:04+00:00\",\"dateModified\":\"2026-01-23T12:00:17+00:00\",\"description\":\"Marie Collard Psychologue et Life Coach \u00e0 Perwez (Orbais) et Eghez\u00e9e\",\"breadcrumb\":{\"@id\":\"https:\/\/psychologue-life-coach.marie-collard.be\/#breadcrumb\"},\"inLanguage\":\"fr-FR\",\"potentialAction\":[{\"@type\":\"ReadAction\",\"target\":[\"https:\/\/psychologue-life-coach.marie-collard.be\/\"]}]},{\"@type\":\"ImageObject\",\"inLanguage\":\"fr-FR\",\"@id\":\"https:\/\/psychologue-life-coach.marie-collard.be\/#primaryimage\",\"url\":\"https:\/\/marie-collard.be\/wp-content\/uploads\/2020\/03\/20200330_154252-1-251x300.jpg\",\"contentUrl\":\"https:\/\/marie-collard.be\/wp-content\/uploads\/2020\/03\/20200330_154252-1-251x300.jpg\"},{\"@type\":\"BreadcrumbList\",\"@id\":\"https:\/\/psychologue-life-coach.marie-collard.be\/#breadcrumb\",\"itemListElement\":[{\"@type\":\"ListItem\",\"position\":1,\"name\":\"Accueil\",\"item\":\"https:\/\/psychologue-life-coach.marie-collard.be\/\"},{\"@type\":\"ListItem\",\"position\":2,\"name\":\"Accueil\"}]},{\"@type\":\"WebSite\",\"@id\":\"https:\/\/psychologue-life-coach.marie-collard.be\/#website\",\"url\":\"https:\/\/psychologue-life-coach.marie-collard.be\/\",\"name\":\"Marie Collard\",\"description\":\"Psychologue &amp; Life Coach\",\"publisher\":{\"@id\":\"https:\/\/psychologue-life-coach.marie-collard.be\/#\/schema\/person\/e0413802faebee5e092acde9f4c88866\"},\"potentialAction\":[{\"@type\":\"SearchAction\",\"target\":{\"@type\":\"EntryPoint\",\"urlTemplate\":\"https:\/\/psychologue-life-coach.marie-collard.be\/?s={search_term_string}\"},\"query-input\":{\"@type\":\"PropertyValueSpecification\",\"valueRequired\":true,\"valueName\":\"search_term_string\"}}],\"inLanguage\":\"fr-FR\"},{\"@type\":[\"Person\",\"Organization\"],\"@id\":\"https:\/\/psychologue-life-coach.marie-collard.be\/#\/schema\/person\/e0413802faebee5e092acde9f4c88866\",\"name\":\"Marie Collard\",\"image\":{\"@type\":\"ImageObject\",\"inLanguage\":\"fr-FR\",\"@id\":\"https:\/\/psychologue-life-coach.marie-collard.be\/#\/schema\/person\/image\/\",\"url\":\"https:\/\/psychologue-life-coach.marie-collard.be\/wp-content\/uploads\/2019\/09\/20190923_173333_format7-5_smallest.jpg\",\"contentUrl\":\"https:\/\/psychologue-life-coach.marie-collard.be\/wp-content\/uploads\/2019\/09\/20190923_173333_format7-5_smallest.jpg\",\"width\":571,\"height\":800,\"caption\":\"Marie Collard\"},\"logo\":{\"@id\":\"https:\/\/psychologue-life-coach.marie-collard.be\/#\/schema\/person\/image\/\"}}]}<\/script>\n<!-- \/ Yoast SEO plugin. -->","yoast_head_json":{"title":"Accueil &#8226; Marie Collard","description":"Marie Collard Psychologue et Life Coach \u00e0 Perwez (Orbais) et Eghez\u00e9e","robots":{"index":"index","follow":"follow","max-snippet":"max-snippet:-1","max-image-preview":"max-image-preview:large","max-video-preview":"max-video-preview:-1"},"canonical":"https:\/\/psychologue-life-coach.marie-collard.be\/","og_locale":"fr_FR","og_type":"article","og_title":"Accueil &#8226; Marie Collard","og_description":"Marie Collard Psychologue et Life Coach \u00e0 Perwez (Orbais) et Eghez\u00e9e","og_url":"https:\/\/psychologue-life-coach.marie-collard.be\/","og_site_name":"Marie Collard","article_modified_time":"2026-01-23T12:00:17+00:00","og_image":[{"width":719,"height":859,"url":"https:\/\/psychologue-life-coach.marie-collard.be\/wp-content\/uploads\/2020\/03\/20200330_154252-1.jpg","type":"image\/jpeg"}],"twitter_card":"summary_large_image","twitter_misc":{"Dur\u00e9e de lecture estim\u00e9e":"5 minutes"},"schema":{"@context":"https:\/\/schema.org","@graph":[{"@type":"WebPage","@id":"https:\/\/psychologue-life-coach.marie-collard.be\/","url":"https:\/\/psychologue-life-coach.marie-collard.be\/","name":"Accueil &#8226; Marie Collard","isPartOf":{"@id":"https:\/\/psychologue-life-coach.marie-collard.be\/#website"},"primaryImageOfPage":{"@id":"https:\/\/psychologue-life-coach.marie-collard.be\/#primaryimage"},"image":{"@id":"https:\/\/psychologue-life-coach.marie-collard.be\/#primaryimage"},"thumbnailUrl":"https:\/\/marie-collard.be\/wp-content\/uploads\/2020\/03\/20200330_154252-1-251x300.jpg","datePublished":"2019-09-21T05:16:04+00:00","dateModified":"2026-01-23T12:00:17+00:00","description":"Marie Collard Psychologue et Life Coach \u00e0 Perwez (Orbais) et Eghez\u00e9e","breadcrumb":{"@id":"https:\/\/psychologue-life-coach.marie-collard.be\/#breadcrumb"},"inLanguage":"fr-FR","potentialAction":[{"@type":"ReadAction","target":["https:\/\/psychologue-life-coach.marie-collard.be\/"]}]},{"@type":"ImageObject","inLanguage":"fr-FR","@id":"https:\/\/psychologue-life-coach.marie-collard.be\/#primaryimage","url":"https:\/\/marie-collard.be\/wp-content\/uploads\/2020\/03\/20200330_154252-1-251x300.jpg","contentUrl":"https:\/\/marie-collard.be\/wp-content\/uploads\/2020\/03\/20200330_154252-1-251x300.jpg"},{"@type":"BreadcrumbList","@id":"https:\/\/psychologue-life-coach.marie-collard.be\/#breadcrumb","itemListElement":[{"@type":"ListItem","position":1,"name":"Accueil","item":"https:\/\/psychologue-life-coach.marie-collard.be\/"},{"@type":"ListItem","position":2,"name":"Accueil"}]},{"@type":"WebSite","@id":"https:\/\/psychologue-life-coach.marie-collard.be\/#website","url":"https:\/\/psychologue-life-coach.marie-collard.be\/","name":"Marie Collard","description":"Psychologue &amp; Life Coach","publisher":{"@id":"https:\/\/psychologue-life-coach.marie-collard.be\/#\/schema\/person\/e0413802faebee5e092acde9f4c88866"},"potentialAction":[{"@type":"SearchAction","target":{"@type":"EntryPoint","urlTemplate":"https:\/\/psychologue-life-coach.marie-collard.be\/?s={search_term_string}"},"query-input":{"@type":"PropertyValueSpecification","valueRequired":true,"valueName":"search_term_string"}}],"inLanguage":"fr-FR"},{"@type":["Person","Organization"],"@id":"https:\/\/psychologue-life-coach.marie-collard.be\/#\/schema\/person\/e0413802faebee5e092acde9f4c88866","name":"Marie Collard","image":{"@type":"ImageObject","inLanguage":"fr-FR","@id":"https:\/\/psychologue-life-coach.marie-collard.be\/#\/schema\/person\/image\/","url":"https:\/\/psychologue-life-coach.marie-collard.be\/wp-content\/uploads\/2019\/09\/20190923_173333_format7-5_smallest.jpg","contentUrl":"https:\/\/psychologue-life-coach.marie-collard.be\/wp-content\/uploads\/2019\/09\/20190923_173333_format7-5_smallest.jpg","width":571,"height":800,"caption":"Marie Collard"},"logo":{"@id":"https:\/\/psychologue-life-coach.marie-collard.be\/#\/schema\/person\/image\/"}}]}},"jetpack_sharing_enabled":true,"_links":{"self":[{"href":"https:\/\/psychologue-life-coach.marie-collard.be\/index.php\/wp-json\/wp\/v2\/pages\/6","targetHints":{"allow":["GET"]}}],"collection":[{"href":"https:\/\/psychologue-life-coach.marie-collard.be\/index.php\/wp-json\/wp\/v2\/pages"}],"about":[{"href":"https:\/\/psychologue-life-coach.marie-collard.be\/index.php\/wp-json\/wp\/v2\/types\/page"}],"author":[{"embeddable":true,"href":"https:\/\/psychologue-life-coach.marie-collard.be\/index.php\/wp-json\/wp\/v2\/users\/1"}],"replies":[{"embeddable":true,"href":"https:\/\/psychologue-life-coach.marie-collard.be\/index.php\/wp-json\/wp\/v2\/comments?post=6"}],"version-history":[{"count":36,"href":"https:\/\/psychologue-life-coach.marie-collard.be\/index.php\/wp-json\/wp\/v2\/pages\/6\/revisions"}],"predecessor-version":[{"id":417,"href":"https:\/\/psychologue-life-coach.marie-collard.be\/index.php\/wp-json\/wp\/v2\/pages\/6\/revisions\/417"}],"wp:attachment":[{"href":"https:\/\/psychologue-life-coach.marie-collard.be\/index.php\/wp-json\/wp\/v2\/media?parent=6"}],"curies":[{"name":"wp","href":"https:\/\/api.w.org\/{rel}","templated":true}]}}